{"id":44423,"date":"2024-11-13T17:23:32","date_gmt":"2024-11-13T22:23:32","guid":{"rendered":"https:\/\/incanforests.com\/?post_type=product&#038;p=44423"},"modified":"2024-11-13T17:40:06","modified_gmt":"2024-11-13T22:40:06","slug":"miel-de-abeja-de-villa-rica","status":"publish","type":"product","link":"http:\/\/incanforests.com\/en\/product\/miel-de-abeja-de-villa-rica\/","title":{"rendered":"Miel de Abeja de Villa Rica"},"content":{"rendered":"<table>\n<thead>\n<tr>\n<th><strong>Beneficios de la Miel Org\u00e1nica<\/strong><\/th>\n<\/tr>\n<\/thead>\n<tbody>\n<tr>\n<td><strong>Fuente de antioxidantes<\/strong>: Contiene flavonoides y \u00e1cidos fen\u00f3licos que protegen las c\u00e9lulas y reducen el riesgo de enfermedades.<\/td>\n<\/tr>\n<tr>\n<td><strong>Propiedades antimicrobianas<\/strong>: Ayuda a combatir infecciones y es un remedio efectivo para el dolor de garganta.<\/td>\n<\/tr>\n<tr>\n<td><strong>Mejora la digesti\u00f3n<\/strong>: Act\u00faa como prebi\u00f3tico, promoviendo una flora intestinal saludable.<\/td>\n<\/tr>\n<tr>\n<td><strong>Alivio de la tos y resfriados<\/strong>: Calma la garganta y reduce la tos por sus propiedades calmantes y antibacterianas.<\/td>\n<\/tr>\n<tr>\n<td><strong>Energ\u00eda natural<\/strong>: Ofrece un impulso energ\u00e9tico r\u00e1pido y saludable, ideal para quienes buscan un edulcorante natural.<\/td>\n<\/tr>\n<tr>\n<td><strong>Cuidado de la piel<\/strong>: Hidrata, cicatriza y ayuda en problemas de acn\u00e9 gracias a sus propiedades antimicrobianas.<\/td>\n<\/tr>\n<tr>\n<td><strong>Refuerzo inmunol\u00f3gico<\/strong>: Sus compuestos bioactivos fortalecen el sistema inmunol\u00f3gico y protegen de enfermedades.<\/td>\n<\/tr>\n<\/tbody>\n<\/table>\n<div class=\"flex-shrink-0 flex flex-col relative items-end\">\n<div>\n<div class=\"pt-0\">\n<div class=\"gizmo-bot-avatar flex h-8 w-8 items-center justify-center overflow-hidden rounded-full\">\n<div class=\"relative p-1 rounded-sm flex items-center justify-center bg-token-main-surface-primary text-token-text-primary h-8 w-8\"><strong style=\"font-size: 16px;\">\u00a1Alimento natural y ecoamigable!<\/strong><span style=\"font-size: 16px;\"> Miel de Abeja proveniente de <\/span><strong style=\"font-size: 16px;\">Villarrica<\/strong><span style=\"font-size: 16px;\">. Es una deliciosa miel, 100% natural y org\u00e1nica. Pura y ecol\u00f3gica. Disfruta sus beneficios nutrac\u00e9uticos, antioxidantes y fortalecedores para las defensas de tu organismo. Contiene potasio, calcio, magnesio y f\u00f3sforo, entre otros minerales, as\u00ed como vitaminas del grupo B y vitamina C. 100% natural y de origen sostenible.<\/span><\/div>\n<\/div>\n<\/div>\n<\/div>\n<\/div>","protected":false},"excerpt":{"rendered":"<p>Miel de abeja de Villarrica<\/p>\n<p>100% org\u00e1nica<\/p>\n<p>100% Natural<\/p>","protected":false},"featured_media":44425,"template":"","meta":{"_uag_custom_page_level_css":"","site-sidebar-layout":"default","site-content-layout":"","ast-site-content-layout":"default","site-content-style":"default","site-sidebar-style":"default","ast-global-header-display":"","ast-banner-title-visibility":"","ast-main-header-display":"","ast-hfb-above-header-display":"","ast-hfb-below-header-display":"","ast-hfb-mobile-header-display":"","site-post-title":"","ast-breadcrumbs-content":"","ast-featured-img":"","footer-sml-layout":"","theme-transparent-header-meta":"default","adv-header-id-meta":"","stick-header-meta":"","header-above-stick-meta":"","header-main-stick-meta":"","header-below-stick-meta":"","astra-migrate-meta-layouts":"set","ast-page-background-enabled":"default","ast-page-background-meta":{"desktop":{"background-color":"","background-image":"","background-repeat":"repeat","background-position":"center center","background-size":"auto","background-attachment":"scroll","background-type":"","background-media":"","overlay-type":"","overlay-color":"","overlay-gradient":""},"tablet":{"background-color":"","background-image":"","background-repeat":"repeat","background-position":"center center","background-size":"auto","background-attachment":"scroll","background-type":"","background-media":"","overlay-type":"","overlay-color":"","overlay-gradient":""},"mobile":{"background-color":"","background-image":"","background-repeat":"repeat","background-position":"center center","background-size":"auto","background-attachment":"scroll","background-type":"","background-media":"","overlay-type":"","overlay-color":"","overlay-gradient":""}},"ast-content-background-meta":{"desktop":{"background-color":"var(--ast-global-color-5)","background-image":"","background-repeat":"repeat","background-position":"center center","background-size":"auto","background-attachment":"scroll","background-type":"","background-media":"","overlay-type":"","overlay-color":"","overlay-gradient":""},"tablet":{"background-color":"var(--ast-global-color-5)","background-image":"","background-repeat":"repeat","background-position":"center center","background-size":"auto","background-attachment":"scroll","background-type":"","background-media":"","overlay-type":"","overlay-color":"","overlay-gradient":""},"mobile":{"background-color":"var(--ast-global-color-5)","background-image":"","background-repeat":"repeat","background-position":"center center","background-size":"auto","background-attachment":"scroll","background-type":"","background-media":"","overlay-type":"","overlay-color":"","overlay-gradient":""}}},"product_brand":[],"product_cat":[130],"product_tag":[131,132,133],"class_list":{"0":"post-44423","1":"product","2":"type-product","3":"status-publish","4":"has-post-thumbnail","6":"product_cat-miel-de-abeja","7":"product_tag-miel","8":"product_tag-miel-de-abeja","9":"product_tag-miel-organica","10":"desktop-align-left","11":"tablet-align-left","12":"mobile-align-left","14":"first","15":"instock","16":"sale","17":"shipping-taxable","18":"purchasable","19":"product-type-variable"},"yoast_head":"<!-- This site is optimized with the Yoast SEO plugin v26.7 - https:\/\/yoast.com\/wordpress\/plugins\/seo\/ -->\n<title>Miel de Abeja de Villa Rica - Incan Forests<\/title>\n<meta name=\"description\" content=\"Es una deliciosa Miel de Abeja de Villa Rica - 100% natural y org\u00e1nica. Pura y ecol\u00f3gica - Disfruta de los beneficios de la miel de Incan Forests que tiene nutrac\u00e9uticos, antioxidantes y fortalecedores para las defensas de tu organismo ontiene potasio, calcio, magnesio y f\u00f3sforo, entre otros minerales, as\u00ed como vitaminas del grupo B y vitamina C.\" \/>\n<meta name=\"robots\" content=\"index, follow, max-snippet:-1, max-image-preview:large, max-video-preview:-1\" \/>\n<link rel=\"canonical\" href=\"https:\/\/incanforests.com\/en\/product\/miel-de-abeja-de-villa-rica\/\" \/>\n<meta property=\"og:locale\" content=\"en_US\" \/>\n<meta property=\"og:type\" content=\"article\" \/>\n<meta property=\"og:title\" content=\"Miel de Abeja de Villa Rica - Incan Forests\" \/>\n<meta property=\"og:description\" content=\"Es una deliciosa Miel de Abeja de Villa Rica - 100% natural y org\u00e1nica. Pura y ecol\u00f3gica - Disfruta de los beneficios de la miel de Incan Forests que tiene nutrac\u00e9uticos, antioxidantes y fortalecedores para las defensas de tu organismo ontiene potasio, calcio, magnesio y f\u00f3sforo, entre otros minerales, as\u00ed como vitaminas del grupo B y vitamina C.\" \/>\n<meta property=\"og:url\" content=\"https:\/\/incanforests.com\/en\/product\/miel-de-abeja-de-villa-rica\/\" \/>\n<meta property=\"og:site_name\" content=\"Incan Forests\" \/>\n<meta property=\"article:publisher\" content=\"https:\/\/www.facebook.com\/cafeincanforests\" \/>\n<meta property=\"article:modified_time\" content=\"2024-11-13T22:40:06+00:00\" \/>\n<meta property=\"og:image\" content=\"https:\/\/incanforests.com\/wp-content\/uploads\/2024\/11\/MIEL-DE-ABEJA_INCAN-FORESTS.jpg\" \/>\n\t<meta property=\"og:image:width\" content=\"800\" \/>\n\t<meta property=\"og:image:height\" content=\"800\" \/>\n\t<meta property=\"og:image:type\" content=\"image\/jpeg\" \/>\n<meta name=\"twitter:card\" content=\"summary_large_image\" \/>\n<meta name=\"twitter:label1\" content=\"Est. reading time\" \/>\n\t<meta name=\"twitter:data1\" content=\"1 minute\" \/>\n<script type=\"application\/ld+json\" class=\"yoast-schema-graph\">{\"@context\":\"https:\/\/schema.org\",\"@graph\":[{\"@type\":\"WebPage\",\"@id\":\"https:\/\/incanforests.com\/producto\/miel-de-abeja-de-villa-rica\/\",\"url\":\"https:\/\/incanforests.com\/producto\/miel-de-abeja-de-villa-rica\/\",\"name\":\"Miel de Abeja de Villa Rica - Incan Forests\",\"isPartOf\":{\"@id\":\"https:\/\/incanforests.com\/#website\"},\"primaryImageOfPage\":{\"@id\":\"https:\/\/incanforests.com\/producto\/miel-de-abeja-de-villa-rica\/#primaryimage\"},\"image\":{\"@id\":\"https:\/\/incanforests.com\/producto\/miel-de-abeja-de-villa-rica\/#primaryimage\"},\"thumbnailUrl\":\"https:\/\/incanforests.com\/wp-content\/uploads\/2024\/11\/MIEL-DE-ABEJA_INCAN-FORESTS.jpg\",\"datePublished\":\"2024-11-13T22:23:32+00:00\",\"dateModified\":\"2024-11-13T22:40:06+00:00\",\"description\":\"Es una deliciosa Miel de Abeja de Villa Rica - 100% natural y org\u00e1nica. Pura y ecol\u00f3gica - Disfruta de los beneficios de la miel de Incan Forests que tiene nutrac\u00e9uticos, antioxidantes y fortalecedores para las defensas de tu organismo ontiene potasio, calcio, magnesio y f\u00f3sforo, entre otros minerales, as\u00ed como vitaminas del grupo B y vitamina C.\",\"breadcrumb\":{\"@id\":\"https:\/\/incanforests.com\/producto\/miel-de-abeja-de-villa-rica\/#breadcrumb\"},\"inLanguage\":\"en-US\",\"potentialAction\":[{\"@type\":\"ReadAction\",\"target\":[\"https:\/\/incanforests.com\/producto\/miel-de-abeja-de-villa-rica\/\"]}]},{\"@type\":\"ImageObject\",\"inLanguage\":\"en-US\",\"@id\":\"https:\/\/incanforests.com\/producto\/miel-de-abeja-de-villa-rica\/#primaryimage\",\"url\":\"https:\/\/incanforests.com\/wp-content\/uploads\/2024\/11\/MIEL-DE-ABEJA_INCAN-FORESTS.jpg\",\"contentUrl\":\"https:\/\/incanforests.com\/wp-content\/uploads\/2024\/11\/MIEL-DE-ABEJA_INCAN-FORESTS.jpg\",\"width\":800,\"height\":800,\"caption\":\"MIel de abeja de villarrica organica\"},{\"@type\":\"BreadcrumbList\",\"@id\":\"https:\/\/incanforests.com\/producto\/miel-de-abeja-de-villa-rica\/#breadcrumb\",\"itemListElement\":[{\"@type\":\"ListItem\",\"position\":1,\"name\":\"Portada\",\"item\":\"https:\/\/incanforests.com\/\"},{\"@type\":\"ListItem\",\"position\":2,\"name\":\"Tienda\",\"item\":\"https:\/\/incanforests.com\/shop\/\"},{\"@type\":\"ListItem\",\"position\":3,\"name\":\"Miel de Abeja de Villa Rica\"}]},{\"@type\":\"WebSite\",\"@id\":\"https:\/\/incanforests.com\/#website\",\"url\":\"https:\/\/incanforests.com\/\",\"name\":\"Incan Forests\",\"description\":\"Best Organic Coffee in the world\",\"publisher\":{\"@id\":\"https:\/\/incanforests.com\/#organization\"},\"potentialAction\":[{\"@type\":\"SearchAction\",\"target\":{\"@type\":\"EntryPoint\",\"urlTemplate\":\"https:\/\/incanforests.com\/?s={search_term_string}\"},\"query-input\":{\"@type\":\"PropertyValueSpecification\",\"valueRequired\":true,\"valueName\":\"search_term_string\"}}],\"inLanguage\":\"en-US\"},{\"@type\":\"Organization\",\"@id\":\"https:\/\/incanforests.com\/#organization\",\"name\":\"Incan Forests\",\"url\":\"https:\/\/incanforests.com\/\",\"logo\":{\"@type\":\"ImageObject\",\"inLanguage\":\"en-US\",\"@id\":\"https:\/\/incanforests.com\/#\/schema\/logo\/image\/\",\"url\":\"https:\/\/incanforests.com\/wp-content\/uploads\/2022\/02\/inkan.png\",\"contentUrl\":\"https:\/\/incanforests.com\/wp-content\/uploads\/2022\/02\/inkan.png\",\"width\":599,\"height\":265,\"caption\":\"Incan Forests\"},\"image\":{\"@id\":\"https:\/\/incanforests.com\/#\/schema\/logo\/image\/\"},\"sameAs\":[\"https:\/\/www.facebook.com\/cafeincanforests\",\"https:\/\/www.instagram.com\/cafeincanforests\/\"]}]}<\/script>\n<!-- \/ Yoast SEO plugin. -->","yoast_head_json":{"title":"Miel de Abeja de Villa Rica - Incan Forests","description":"Es una deliciosa Miel de Abeja de Villa Rica - 100% natural y org\u00e1nica. Pura y ecol\u00f3gica - Disfruta de los beneficios de la miel de Incan Forests que tiene nutrac\u00e9uticos, antioxidantes y fortalecedores para las defensas de tu organismo ontiene potasio, calcio, magnesio y f\u00f3sforo, entre otros minerales, as\u00ed como vitaminas del grupo B y vitamina C.","robots":{"index":"index","follow":"follow","max-snippet":"max-snippet:-1","max-image-preview":"max-image-preview:large","max-video-preview":"max-video-preview:-1"},"canonical":"https:\/\/incanforests.com\/en\/product\/miel-de-abeja-de-villa-rica\/","og_locale":"en_US","og_type":"article","og_title":"Miel de Abeja de Villa Rica - Incan Forests","og_description":"Es una deliciosa Miel de Abeja de Villa Rica - 100% natural y org\u00e1nica. Pura y ecol\u00f3gica - Disfruta de los beneficios de la miel de Incan Forests que tiene nutrac\u00e9uticos, antioxidantes y fortalecedores para las defensas de tu organismo ontiene potasio, calcio, magnesio y f\u00f3sforo, entre otros minerales, as\u00ed como vitaminas del grupo B y vitamina C.","og_url":"https:\/\/incanforests.com\/en\/product\/miel-de-abeja-de-villa-rica\/","og_site_name":"Incan Forests","article_publisher":"https:\/\/www.facebook.com\/cafeincanforests","article_modified_time":"2024-11-13T22:40:06+00:00","og_image":[{"width":800,"height":800,"url":"https:\/\/incanforests.com\/wp-content\/uploads\/2024\/11\/MIEL-DE-ABEJA_INCAN-FORESTS.jpg","type":"image\/jpeg"}],"twitter_card":"summary_large_image","twitter_misc":{"Est. reading time":"1 minute"},"schema":{"@context":"https:\/\/schema.org","@graph":[{"@type":"WebPage","@id":"https:\/\/incanforests.com\/producto\/miel-de-abeja-de-villa-rica\/","url":"https:\/\/incanforests.com\/producto\/miel-de-abeja-de-villa-rica\/","name":"Miel de Abeja de Villa Rica - Incan Forests","isPartOf":{"@id":"https:\/\/incanforests.com\/#website"},"primaryImageOfPage":{"@id":"https:\/\/incanforests.com\/producto\/miel-de-abeja-de-villa-rica\/#primaryimage"},"image":{"@id":"https:\/\/incanforests.com\/producto\/miel-de-abeja-de-villa-rica\/#primaryimage"},"thumbnailUrl":"https:\/\/incanforests.com\/wp-content\/uploads\/2024\/11\/MIEL-DE-ABEJA_INCAN-FORESTS.jpg","datePublished":"2024-11-13T22:23:32+00:00","dateModified":"2024-11-13T22:40:06+00:00","description":"Es una deliciosa Miel de Abeja de Villa Rica - 100% natural y org\u00e1nica. Pura y ecol\u00f3gica - Disfruta de los beneficios de la miel de Incan Forests que tiene nutrac\u00e9uticos, antioxidantes y fortalecedores para las defensas de tu organismo ontiene potasio, calcio, magnesio y f\u00f3sforo, entre otros minerales, as\u00ed como vitaminas del grupo B y vitamina C.","breadcrumb":{"@id":"https:\/\/incanforests.com\/producto\/miel-de-abeja-de-villa-rica\/#breadcrumb"},"inLanguage":"en-US","potentialAction":[{"@type":"ReadAction","target":["https:\/\/incanforests.com\/producto\/miel-de-abeja-de-villa-rica\/"]}]},{"@type":"ImageObject","inLanguage":"en-US","@id":"https:\/\/incanforests.com\/producto\/miel-de-abeja-de-villa-rica\/#primaryimage","url":"https:\/\/incanforests.com\/wp-content\/uploads\/2024\/11\/MIEL-DE-ABEJA_INCAN-FORESTS.jpg","contentUrl":"https:\/\/incanforests.com\/wp-content\/uploads\/2024\/11\/MIEL-DE-ABEJA_INCAN-FORESTS.jpg","width":800,"height":800,"caption":"MIel de abeja de villarrica organica"},{"@type":"BreadcrumbList","@id":"https:\/\/incanforests.com\/producto\/miel-de-abeja-de-villa-rica\/#breadcrumb","itemListElement":[{"@type":"ListItem","position":1,"name":"Portada","item":"https:\/\/incanforests.com\/"},{"@type":"ListItem","position":2,"name":"Tienda","item":"https:\/\/incanforests.com\/shop\/"},{"@type":"ListItem","position":3,"name":"Miel de Abeja de Villa Rica"}]},{"@type":"WebSite","@id":"https:\/\/incanforests.com\/#website","url":"https:\/\/incanforests.com\/","name":"Incan Forests","description":"Best Organic Coffee in the world","publisher":{"@id":"https:\/\/incanforests.com\/#organization"},"potentialAction":[{"@type":"SearchAction","target":{"@type":"EntryPoint","urlTemplate":"https:\/\/incanforests.com\/?s={search_term_string}"},"query-input":{"@type":"PropertyValueSpecification","valueRequired":true,"valueName":"search_term_string"}}],"inLanguage":"en-US"},{"@type":"Organization","@id":"https:\/\/incanforests.com\/#organization","name":"Incan Forests","url":"https:\/\/incanforests.com\/","logo":{"@type":"ImageObject","inLanguage":"en-US","@id":"https:\/\/incanforests.com\/#\/schema\/logo\/image\/","url":"https:\/\/incanforests.com\/wp-content\/uploads\/2022\/02\/inkan.png","contentUrl":"https:\/\/incanforests.com\/wp-content\/uploads\/2022\/02\/inkan.png","width":599,"height":265,"caption":"Incan Forests"},"image":{"@id":"https:\/\/incanforests.com\/#\/schema\/logo\/image\/"},"sameAs":["https:\/\/www.facebook.com\/cafeincanforests","https:\/\/www.instagram.com\/cafeincanforests\/"]}]}},"uagb_featured_image_src":{"full":["https:\/\/incanforests.com\/wp-content\/uploads\/2024\/11\/MIEL-DE-ABEJA_INCAN-FORESTS.jpg",800,800,false],"thumbnail":["https:\/\/incanforests.com\/wp-content\/uploads\/2024\/11\/MIEL-DE-ABEJA_INCAN-FORESTS-150x150.jpg",150,150,true],"medium":["https:\/\/incanforests.com\/wp-content\/uploads\/2024\/11\/MIEL-DE-ABEJA_INCAN-FORESTS-300x300.jpg",300,300,true],"medium_large":["https:\/\/incanforests.com\/wp-content\/uploads\/2024\/11\/MIEL-DE-ABEJA_INCAN-FORESTS-768x768.jpg",768,768,true],"large":["https:\/\/incanforests.com\/wp-content\/uploads\/2024\/11\/MIEL-DE-ABEJA_INCAN-FORESTS.jpg",800,800,false],"1536x1536":["https:\/\/incanforests.com\/wp-content\/uploads\/2024\/11\/MIEL-DE-ABEJA_INCAN-FORESTS.jpg",800,800,false],"2048x2048":["https:\/\/incanforests.com\/wp-content\/uploads\/2024\/11\/MIEL-DE-ABEJA_INCAN-FORESTS.jpg",800,800,false],"trp-custom-language-flag":["https:\/\/incanforests.com\/wp-content\/uploads\/2024\/11\/MIEL-DE-ABEJA_INCAN-FORESTS.jpg",12,12,false],"woocommerce_thumbnail":["https:\/\/incanforests.com\/wp-content\/uploads\/2024\/11\/MIEL-DE-ABEJA_INCAN-FORESTS-300x300.jpg",300,300,true],"woocommerce_single":["https:\/\/incanforests.com\/wp-content\/uploads\/2024\/11\/MIEL-DE-ABEJA_INCAN-FORESTS-600x600.jpg",600,600,true],"woocommerce_gallery_thumbnail":["https:\/\/incanforests.com\/wp-content\/uploads\/2024\/11\/MIEL-DE-ABEJA_INCAN-FORESTS-100x100.jpg",100,100,true]},"uagb_author_info":{"display_name":"cafeincanforests","author_link":"http:\/\/incanforests.com\/en\/author\/"},"uagb_comment_info":0,"uagb_excerpt":"Miel de abeja de Villarrica 100% org\u00e1nica 100% Natural","_links":{"self":[{"href":"http:\/\/incanforests.com\/en\/wp-json\/wp\/v2\/product\/44423","targetHints":{"allow":["GET"]}}],"collection":[{"href":"http:\/\/incanforests.com\/en\/wp-json\/wp\/v2\/product"}],"about":[{"href":"http:\/\/incanforests.com\/en\/wp-json\/wp\/v2\/types\/product"}],"wp:featuredmedia":[{"embeddable":true,"href":"http:\/\/incanforests.com\/en\/wp-json\/wp\/v2\/media\/44425"}],"wp:attachment":[{"href":"http:\/\/incanforests.com\/en\/wp-json\/wp\/v2\/media?parent=44423"}],"wp:term":[{"taxonomy":"product_brand","embeddable":true,"href":"http:\/\/incanforests.com\/en\/wp-json\/wp\/v2\/product_brand?post=44423"},{"taxonomy":"product_cat","embeddable":true,"href":"http:\/\/incanforests.com\/en\/wp-json\/wp\/v2\/product_cat?post=44423"},{"taxonomy":"product_tag","embeddable":true,"href":"http:\/\/incanforests.com\/en\/wp-json\/wp\/v2\/product_tag?post=44423"}],"curies":[{"name":"wp","href":"https:\/\/api.w.org\/{rel}","templated":true}]}}