{"id":44419,"date":"2024-11-13T09:57:55","date_gmt":"2024-11-13T14:57:55","guid":{"rendered":"https:\/\/incanforests.com\/?post_type=product&#038;p=44419"},"modified":"2025-07-28T11:56:03","modified_gmt":"2025-07-28T16:56:03","slug":"maca-negra-atomizada-maca-organica","status":"publish","type":"product","link":"http:\/\/incanforests.com\/en\/product\/maca-negra-atomizada-maca-organica\/","title":{"rendered":"Maca Negra o Roja Atomizada"},"content":{"rendered":"<table style=\"height: 385px;\" width=\"810\">\n<thead>\n<tr>\n<th><strong>Propiedad<\/strong><\/th>\n<th><strong>Descripci\u00f3n<\/strong><\/th>\n<\/tr>\n<\/thead>\n<tbody>\n<tr>\n<td><strong>Energ\u00eda, Resistencia Concentraci\u00f3n<\/strong><\/td>\n<td>Aumenta la vitalidad, la energ\u00eda y la resistencia f\u00edsica, por lo que es popular entre deportistas y personas activas.<\/td>\n<\/tr>\n<tr>\n<td><strong>Adapt\u00f3geno Natural<\/strong><\/td>\n<td>Ayuda al cuerpo a reducir el estr\u00e9s y equilibrar el sistema endocrino, beneficiando la salud hormonal.<\/td>\n<\/tr>\n<tr>\n<td><strong>Rico en Minerales y Amino\u00e1cidos<\/strong><\/td>\n<td>Contiene potasio, calcio y hierro, que son esenciales para la funci\u00f3n muscular, la salud \u00f3sea y la producci\u00f3n de gl\u00f3bulos rojos.<\/td>\n<\/tr>\n<tr>\n<td><strong>Aumento de Libido y Fertilidad<\/strong><\/td>\n<td>Utilizada para mejorar la libido y la fertilidad en hombres y mujeres, con beneficios para la salud reproductiva.<\/td>\n<\/tr>\n<\/tbody>\n<\/table>\n<p>El Proceso de Maca Atomizada tiene una concentraci\u00f3n de 10 a 1, tiene un sabor suave, es m\u00e1s biodisponible y m\u00e1s f\u00e1cil de consumir con una concentraci\u00f3n total de macamidas. La Macamidas es el componente bioactivo que proporciona las propiedades ADAPT\u00d3GENAS. La Maca es un superalimento.<\/p>","protected":false},"excerpt":{"rendered":"<p>Maca Atomizada producida a 4000msnm<\/p>\n<p>30 sachets de 3g<\/p>\n<p>dosis diaria<\/p>","protected":false},"featured_media":44420,"template":"","meta":{"_uag_custom_page_level_css":"","site-sidebar-layout":"default","site-content-layout":"","ast-site-content-layout":"default","site-content-style":"default","site-sidebar-style":"default","ast-global-header-display":"","ast-banner-title-visibility":"","ast-main-header-display":"","ast-hfb-above-header-display":"","ast-hfb-below-header-display":"","ast-hfb-mobile-header-display":"","site-post-title":"","ast-breadcrumbs-content":"","ast-featured-img":"","footer-sml-layout":"","theme-transparent-header-meta":"default","adv-header-id-meta":"","stick-header-meta":"","header-above-stick-meta":"","header-main-stick-meta":"","header-below-stick-meta":"","astra-migrate-meta-layouts":"set","ast-page-background-enabled":"default","ast-page-background-meta":{"desktop":{"background-color":"","background-image":"","background-repeat":"repeat","background-position":"center center","background-size":"auto","background-attachment":"scroll","background-type":"","background-media":"","overlay-type":"","overlay-color":"","overlay-gradient":""},"tablet":{"background-color":"","background-image":"","background-repeat":"repeat","background-position":"center center","background-size":"auto","background-attachment":"scroll","background-type":"","background-media":"","overlay-type":"","overlay-color":"","overlay-gradient":""},"mobile":{"background-color":"","background-image":"","background-repeat":"repeat","background-position":"center center","background-size":"auto","background-attachment":"scroll","background-type":"","background-media":"","overlay-type":"","overlay-color":"","overlay-gradient":""}},"ast-content-background-meta":{"desktop":{"background-color":"var(--ast-global-color-5)","background-image":"","background-repeat":"repeat","background-position":"center center","background-size":"auto","background-attachment":"scroll","background-type":"","background-media":"","overlay-type":"","overlay-color":"","overlay-gradient":""},"tablet":{"background-color":"var(--ast-global-color-5)","background-image":"","background-repeat":"repeat","background-position":"center center","background-size":"auto","background-attachment":"scroll","background-type":"","background-media":"","overlay-type":"","overlay-color":"","overlay-gradient":""},"mobile":{"background-color":"var(--ast-global-color-5)","background-image":"","background-repeat":"repeat","background-position":"center center","background-size":"auto","background-attachment":"scroll","background-type":"","background-media":"","overlay-type":"","overlay-color":"","overlay-gradient":""}}},"product_brand":[],"product_cat":[38,127],"product_tag":[98,96,97],"class_list":{"0":"post-44419","1":"product","2":"type-product","3":"status-publish","4":"has-post-thumbnail","6":"product_cat-otros","7":"product_cat-maca","8":"product_tag-cascara-de-cafe","9":"product_tag-infusion","10":"product_tag-te-de-cafe","11":"desktop-align-left","12":"tablet-align-left","13":"mobile-align-left","15":"first","16":"instock","17":"sale","18":"shipping-taxable","19":"purchasable","20":"product-type-variable"},"yoast_head":"<!-- This site is optimized with the Yoast SEO plugin v26.7 - https:\/\/yoast.com\/wordpress\/plugins\/seo\/ -->\n<title>Maca Negra o Roja Atomizada - Incan Forests<\/title>\n<meta name=\"description\" content=\"Maca Negra atomizada producida a 4000msnm, energizante, aumenta la fuerza y concentraci\u00f3n. aumenta el libido. Tiene una concentraci\u00f3n de 10 a 1\" \/>\n<meta name=\"robots\" content=\"index, follow, max-snippet:-1, max-image-preview:large, max-video-preview:-1\" \/>\n<link rel=\"canonical\" href=\"https:\/\/incanforests.com\/en\/product\/maca-negra-atomizada-maca-organica\/\" \/>\n<meta property=\"og:locale\" content=\"en_US\" \/>\n<meta property=\"og:type\" content=\"article\" \/>\n<meta property=\"og:title\" content=\"Maca Negra o Roja Atomizada - Incan Forests\" \/>\n<meta property=\"og:description\" content=\"Maca Negra atomizada producida a 4000msnm, energizante, aumenta la fuerza y concentraci\u00f3n. aumenta el libido. Tiene una concentraci\u00f3n de 10 a 1\" \/>\n<meta property=\"og:url\" content=\"https:\/\/incanforests.com\/en\/product\/maca-negra-atomizada-maca-organica\/\" \/>\n<meta property=\"og:site_name\" content=\"Incan Forests\" \/>\n<meta property=\"article:publisher\" content=\"https:\/\/www.facebook.com\/cafeincanforests\" \/>\n<meta property=\"article:modified_time\" content=\"2025-07-28T16:56:03+00:00\" \/>\n<meta property=\"og:image\" content=\"https:\/\/incanforests.com\/wp-content\/uploads\/2024\/11\/MACA-NEGRA-ATOMIZADA-MACA-ROJA-ATOMIZADA.jpg\" \/>\n\t<meta property=\"og:image:width\" content=\"800\" \/>\n\t<meta property=\"og:image:height\" content=\"800\" \/>\n\t<meta property=\"og:image:type\" content=\"image\/jpeg\" \/>\n<meta name=\"twitter:card\" content=\"summary_large_image\" \/>\n<meta name=\"twitter:label1\" content=\"Est. reading time\" \/>\n\t<meta name=\"twitter:data1\" content=\"1 minute\" \/>\n<script type=\"application\/ld+json\" class=\"yoast-schema-graph\">{\"@context\":\"https:\/\/schema.org\",\"@graph\":[{\"@type\":\"WebPage\",\"@id\":\"https:\/\/incanforests.com\/producto\/maca-negra-atomizada-maca-organica\/\",\"url\":\"https:\/\/incanforests.com\/producto\/maca-negra-atomizada-maca-organica\/\",\"name\":\"Maca Negra o Roja Atomizada - Incan Forests\",\"isPartOf\":{\"@id\":\"https:\/\/incanforests.com\/#website\"},\"primaryImageOfPage\":{\"@id\":\"https:\/\/incanforests.com\/producto\/maca-negra-atomizada-maca-organica\/#primaryimage\"},\"image\":{\"@id\":\"https:\/\/incanforests.com\/producto\/maca-negra-atomizada-maca-organica\/#primaryimage\"},\"thumbnailUrl\":\"https:\/\/incanforests.com\/wp-content\/uploads\/2024\/11\/MACA-NEGRA-ATOMIZADA-MACA-ROJA-ATOMIZADA.jpg\",\"datePublished\":\"2024-11-13T14:57:55+00:00\",\"dateModified\":\"2025-07-28T16:56:03+00:00\",\"description\":\"Maca Negra atomizada producida a 4000msnm, energizante, aumenta la fuerza y concentraci\u00f3n. aumenta el libido. Tiene una concentraci\u00f3n de 10 a 1\",\"breadcrumb\":{\"@id\":\"https:\/\/incanforests.com\/producto\/maca-negra-atomizada-maca-organica\/#breadcrumb\"},\"inLanguage\":\"en-US\",\"potentialAction\":[{\"@type\":\"ReadAction\",\"target\":[\"https:\/\/incanforests.com\/producto\/maca-negra-atomizada-maca-organica\/\"]}]},{\"@type\":\"ImageObject\",\"inLanguage\":\"en-US\",\"@id\":\"https:\/\/incanforests.com\/producto\/maca-negra-atomizada-maca-organica\/#primaryimage\",\"url\":\"https:\/\/incanforests.com\/wp-content\/uploads\/2024\/11\/MACA-NEGRA-ATOMIZADA-MACA-ROJA-ATOMIZADA.jpg\",\"contentUrl\":\"https:\/\/incanforests.com\/wp-content\/uploads\/2024\/11\/MACA-NEGRA-ATOMIZADA-MACA-ROJA-ATOMIZADA.jpg\",\"width\":800,\"height\":800,\"caption\":\"Maca Negra atomizada Maca Roja Atomizada peru\"},{\"@type\":\"BreadcrumbList\",\"@id\":\"https:\/\/incanforests.com\/producto\/maca-negra-atomizada-maca-organica\/#breadcrumb\",\"itemListElement\":[{\"@type\":\"ListItem\",\"position\":1,\"name\":\"Portada\",\"item\":\"https:\/\/incanforests.com\/\"},{\"@type\":\"ListItem\",\"position\":2,\"name\":\"Tienda\",\"item\":\"https:\/\/incanforests.com\/shop\/\"},{\"@type\":\"ListItem\",\"position\":3,\"name\":\"Maca Negra o Roja Atomizada\"}]},{\"@type\":\"WebSite\",\"@id\":\"https:\/\/incanforests.com\/#website\",\"url\":\"https:\/\/incanforests.com\/\",\"name\":\"Incan Forests\",\"description\":\"Best Organic Coffee in the world\",\"publisher\":{\"@id\":\"https:\/\/incanforests.com\/#organization\"},\"potentialAction\":[{\"@type\":\"SearchAction\",\"target\":{\"@type\":\"EntryPoint\",\"urlTemplate\":\"https:\/\/incanforests.com\/?s={search_term_string}\"},\"query-input\":{\"@type\":\"PropertyValueSpecification\",\"valueRequired\":true,\"valueName\":\"search_term_string\"}}],\"inLanguage\":\"en-US\"},{\"@type\":\"Organization\",\"@id\":\"https:\/\/incanforests.com\/#organization\",\"name\":\"Incan Forests\",\"url\":\"https:\/\/incanforests.com\/\",\"logo\":{\"@type\":\"ImageObject\",\"inLanguage\":\"en-US\",\"@id\":\"https:\/\/incanforests.com\/#\/schema\/logo\/image\/\",\"url\":\"https:\/\/incanforests.com\/wp-content\/uploads\/2022\/02\/inkan.png\",\"contentUrl\":\"https:\/\/incanforests.com\/wp-content\/uploads\/2022\/02\/inkan.png\",\"width\":599,\"height\":265,\"caption\":\"Incan Forests\"},\"image\":{\"@id\":\"https:\/\/incanforests.com\/#\/schema\/logo\/image\/\"},\"sameAs\":[\"https:\/\/www.facebook.com\/cafeincanforests\",\"https:\/\/www.instagram.com\/cafeincanforests\/\"]}]}<\/script>\n<!-- \/ Yoast SEO plugin. -->","yoast_head_json":{"title":"Maca Negra o Roja Atomizada - Incan Forests","description":"Maca Negra atomizada producida a 4000msnm, energizante, aumenta la fuerza y concentraci\u00f3n. aumenta el libido. Tiene una concentraci\u00f3n de 10 a 1","robots":{"index":"index","follow":"follow","max-snippet":"max-snippet:-1","max-image-preview":"max-image-preview:large","max-video-preview":"max-video-preview:-1"},"canonical":"https:\/\/incanforests.com\/en\/product\/maca-negra-atomizada-maca-organica\/","og_locale":"en_US","og_type":"article","og_title":"Maca Negra o Roja Atomizada - Incan Forests","og_description":"Maca Negra atomizada producida a 4000msnm, energizante, aumenta la fuerza y concentraci\u00f3n. aumenta el libido. Tiene una concentraci\u00f3n de 10 a 1","og_url":"https:\/\/incanforests.com\/en\/product\/maca-negra-atomizada-maca-organica\/","og_site_name":"Incan Forests","article_publisher":"https:\/\/www.facebook.com\/cafeincanforests","article_modified_time":"2025-07-28T16:56:03+00:00","og_image":[{"width":800,"height":800,"url":"https:\/\/incanforests.com\/wp-content\/uploads\/2024\/11\/MACA-NEGRA-ATOMIZADA-MACA-ROJA-ATOMIZADA.jpg","type":"image\/jpeg"}],"twitter_card":"summary_large_image","twitter_misc":{"Est. reading time":"1 minute"},"schema":{"@context":"https:\/\/schema.org","@graph":[{"@type":"WebPage","@id":"https:\/\/incanforests.com\/producto\/maca-negra-atomizada-maca-organica\/","url":"https:\/\/incanforests.com\/producto\/maca-negra-atomizada-maca-organica\/","name":"Maca Negra o Roja Atomizada - Incan Forests","isPartOf":{"@id":"https:\/\/incanforests.com\/#website"},"primaryImageOfPage":{"@id":"https:\/\/incanforests.com\/producto\/maca-negra-atomizada-maca-organica\/#primaryimage"},"image":{"@id":"https:\/\/incanforests.com\/producto\/maca-negra-atomizada-maca-organica\/#primaryimage"},"thumbnailUrl":"https:\/\/incanforests.com\/wp-content\/uploads\/2024\/11\/MACA-NEGRA-ATOMIZADA-MACA-ROJA-ATOMIZADA.jpg","datePublished":"2024-11-13T14:57:55+00:00","dateModified":"2025-07-28T16:56:03+00:00","description":"Maca Negra atomizada producida a 4000msnm, energizante, aumenta la fuerza y concentraci\u00f3n. aumenta el libido. Tiene una concentraci\u00f3n de 10 a 1","breadcrumb":{"@id":"https:\/\/incanforests.com\/producto\/maca-negra-atomizada-maca-organica\/#breadcrumb"},"inLanguage":"en-US","potentialAction":[{"@type":"ReadAction","target":["https:\/\/incanforests.com\/producto\/maca-negra-atomizada-maca-organica\/"]}]},{"@type":"ImageObject","inLanguage":"en-US","@id":"https:\/\/incanforests.com\/producto\/maca-negra-atomizada-maca-organica\/#primaryimage","url":"https:\/\/incanforests.com\/wp-content\/uploads\/2024\/11\/MACA-NEGRA-ATOMIZADA-MACA-ROJA-ATOMIZADA.jpg","contentUrl":"https:\/\/incanforests.com\/wp-content\/uploads\/2024\/11\/MACA-NEGRA-ATOMIZADA-MACA-ROJA-ATOMIZADA.jpg","width":800,"height":800,"caption":"Maca Negra atomizada Maca Roja Atomizada peru"},{"@type":"BreadcrumbList","@id":"https:\/\/incanforests.com\/producto\/maca-negra-atomizada-maca-organica\/#breadcrumb","itemListElement":[{"@type":"ListItem","position":1,"name":"Portada","item":"https:\/\/incanforests.com\/"},{"@type":"ListItem","position":2,"name":"Tienda","item":"https:\/\/incanforests.com\/shop\/"},{"@type":"ListItem","position":3,"name":"Maca Negra o Roja Atomizada"}]},{"@type":"WebSite","@id":"https:\/\/incanforests.com\/#website","url":"https:\/\/incanforests.com\/","name":"Incan Forests","description":"Best Organic Coffee in the world","publisher":{"@id":"https:\/\/incanforests.com\/#organization"},"potentialAction":[{"@type":"SearchAction","target":{"@type":"EntryPoint","urlTemplate":"https:\/\/incanforests.com\/?s={search_term_string}"},"query-input":{"@type":"PropertyValueSpecification","valueRequired":true,"valueName":"search_term_string"}}],"inLanguage":"en-US"},{"@type":"Organization","@id":"https:\/\/incanforests.com\/#organization","name":"Incan Forests","url":"https:\/\/incanforests.com\/","logo":{"@type":"ImageObject","inLanguage":"en-US","@id":"https:\/\/incanforests.com\/#\/schema\/logo\/image\/","url":"https:\/\/incanforests.com\/wp-content\/uploads\/2022\/02\/inkan.png","contentUrl":"https:\/\/incanforests.com\/wp-content\/uploads\/2022\/02\/inkan.png","width":599,"height":265,"caption":"Incan Forests"},"image":{"@id":"https:\/\/incanforests.com\/#\/schema\/logo\/image\/"},"sameAs":["https:\/\/www.facebook.com\/cafeincanforests","https:\/\/www.instagram.com\/cafeincanforests\/"]}]}},"uagb_featured_image_src":{"full":["https:\/\/incanforests.com\/wp-content\/uploads\/2024\/11\/MACA-NEGRA-ATOMIZADA-MACA-ROJA-ATOMIZADA.jpg",800,800,false],"thumbnail":["https:\/\/incanforests.com\/wp-content\/uploads\/2024\/11\/MACA-NEGRA-ATOMIZADA-MACA-ROJA-ATOMIZADA-150x150.jpg",150,150,true],"medium":["https:\/\/incanforests.com\/wp-content\/uploads\/2024\/11\/MACA-NEGRA-ATOMIZADA-MACA-ROJA-ATOMIZADA-300x300.jpg",300,300,true],"medium_large":["https:\/\/incanforests.com\/wp-content\/uploads\/2024\/11\/MACA-NEGRA-ATOMIZADA-MACA-ROJA-ATOMIZADA-768x768.jpg",768,768,true],"large":["https:\/\/incanforests.com\/wp-content\/uploads\/2024\/11\/MACA-NEGRA-ATOMIZADA-MACA-ROJA-ATOMIZADA.jpg",800,800,false],"1536x1536":["https:\/\/incanforests.com\/wp-content\/uploads\/2024\/11\/MACA-NEGRA-ATOMIZADA-MACA-ROJA-ATOMIZADA.jpg",800,800,false],"2048x2048":["https:\/\/incanforests.com\/wp-content\/uploads\/2024\/11\/MACA-NEGRA-ATOMIZADA-MACA-ROJA-ATOMIZADA.jpg",800,800,false],"trp-custom-language-flag":["https:\/\/incanforests.com\/wp-content\/uploads\/2024\/11\/MACA-NEGRA-ATOMIZADA-MACA-ROJA-ATOMIZADA.jpg",12,12,false],"woocommerce_thumbnail":["https:\/\/incanforests.com\/wp-content\/uploads\/2024\/11\/MACA-NEGRA-ATOMIZADA-MACA-ROJA-ATOMIZADA-300x300.jpg",300,300,true],"woocommerce_single":["https:\/\/incanforests.com\/wp-content\/uploads\/2024\/11\/MACA-NEGRA-ATOMIZADA-MACA-ROJA-ATOMIZADA-600x600.jpg",600,600,true],"woocommerce_gallery_thumbnail":["https:\/\/incanforests.com\/wp-content\/uploads\/2024\/11\/MACA-NEGRA-ATOMIZADA-MACA-ROJA-ATOMIZADA-100x100.jpg",100,100,true]},"uagb_author_info":{"display_name":"cafeincanforests","author_link":"http:\/\/incanforests.com\/en\/author\/"},"uagb_comment_info":0,"uagb_excerpt":"Maca Atomizada producida a 4000msnm 30 sachets de 3g dosis diaria","_links":{"self":[{"href":"http:\/\/incanforests.com\/en\/wp-json\/wp\/v2\/product\/44419","targetHints":{"allow":["GET"]}}],"collection":[{"href":"http:\/\/incanforests.com\/en\/wp-json\/wp\/v2\/product"}],"about":[{"href":"http:\/\/incanforests.com\/en\/wp-json\/wp\/v2\/types\/product"}],"wp:featuredmedia":[{"embeddable":true,"href":"http:\/\/incanforests.com\/en\/wp-json\/wp\/v2\/media\/44420"}],"wp:attachment":[{"href":"http:\/\/incanforests.com\/en\/wp-json\/wp\/v2\/media?parent=44419"}],"wp:term":[{"taxonomy":"product_brand","embeddable":true,"href":"http:\/\/incanforests.com\/en\/wp-json\/wp\/v2\/product_brand?post=44419"},{"taxonomy":"product_cat","embeddable":true,"href":"http:\/\/incanforests.com\/en\/wp-json\/wp\/v2\/product_cat?post=44419"},{"taxonomy":"product_tag","embeddable":true,"href":"http:\/\/incanforests.com\/en\/wp-json\/wp\/v2\/product_tag?post=44419"}],"curies":[{"name":"wp","href":"https:\/\/api.w.org\/{rel}","templated":true}]}}